{"id":1320,"date":"2024-10-30T11:27:28","date_gmt":"2024-10-30T11:27:28","guid":{"rendered":"https:\/\/montsebadia.net\/new\/sobre-montse-badia\/"},"modified":"2024-11-13T07:11:10","modified_gmt":"2024-11-13T07:11:10","slug":"sobre-montse-badia","status":"publish","type":"page","link":"https:\/\/montsebadia.net\/ca\/sobre-montse-badia\/","title":{"rendered":"Sobre Montse Badia"},"content":{"rendered":"\t\t<div data-elementor-type=\"wp-page\" data-elementor-id=\"1320\" class=\"elementor elementor-1320 elementor-457\" data-elementor-post-type=\"page\">\n\t\t\t\t<div class=\"elementor-element elementor-element-d0fef4c e-flex e-con-boxed e-con e-parent\" data-id=\"d0fef4c\" data-element_type=\"container\">\n\t\t\t\t\t<div class=\"e-con-inner\">\n\t\t<div class=\"elementor-element elementor-element-e7a9d04 e-con-full e-flex e-con e-child\" data-id=\"e7a9d04\" data-element_type=\"container\">\n\t\t\t\t<div class=\"elementor-element elementor-element-9352586 elementor-widget__width-initial animated-slow elementor-invisible elementor-widget elementor-widget-heading\" data-id=\"9352586\" data-element_type=\"widget\" data-settings=\"{&quot;_animation&quot;:&quot;fadeIn&quot;}\" data-widget_type=\"heading.default\">\n\t\t\t\t<div class=\"elementor-widget-container\">\n\t\t\t\t\t<h2 class=\"elementor-heading-title elementor-size-default\"><em>Sobre<\/em> Montse Badia<\/h2>\t\t\t\t<\/div>\n\t\t\t\t<\/div>\n\t\t\t\t<\/div>\n\t\t\t\t<div class=\"elementor-element elementor-element-931d3f8 animated-slow elementor-widget__width-initial elementor-invisible elementor-widget elementor-widget-image\" data-id=\"931d3f8\" data-element_type=\"widget\" data-settings=\"{&quot;_animation&quot;:&quot;fadeIn&quot;}\" data-widget_type=\"image.default\">\n\t\t\t\t<div class=\"elementor-widget-container\">\n\t\t\t\t\t\t\t\t\t\t\t\t\t\t\t<img fetchpriority=\"high\" decoding=\"async\" width=\"720\" height=\"680\" src=\"https:\/\/montsebadia.net\/wp-content\/uploads\/2024\/11\/sobre-montse-badia.webp\" class=\"attachment-large size-large wp-image-611\" alt=\"\" srcset=\"https:\/\/montsebadia.net\/wp-content\/uploads\/2024\/11\/sobre-montse-badia.webp 720w, https:\/\/montsebadia.net\/wp-content\/uploads\/2024\/11\/sobre-montse-badia-300x283.webp 300w\" sizes=\"(max-width: 720px) 100vw, 720px\" \/>\t\t\t\t\t\t\t\t\t\t\t\t\t\t\t<\/div>\n\t\t\t\t<\/div>\n\t\t\t\t\t<\/div>\n\t\t\t\t<\/div>\n\t\t<div class=\"elementor-element elementor-element-9dfb36c e-flex e-con-boxed e-con e-parent\" data-id=\"9dfb36c\" data-element_type=\"container\">\n\t\t\t\t\t<div class=\"e-con-inner\">\n\t\t<div class=\"elementor-element elementor-element-32415fe e-con-full e-flex e-con e-child\" data-id=\"32415fe\" data-element_type=\"container\">\n\t\t\t\t<div class=\"elementor-element elementor-element-6050ec9 animated-slow elementor-widget__width-initial elementor-invisible elementor-widget elementor-widget-heading\" data-id=\"6050ec9\" data-element_type=\"widget\" data-settings=\"{&quot;_animation&quot;:&quot;fadeInUp&quot;}\" data-widget_type=\"heading.default\">\n\t\t\t\t<div class=\"elementor-widget-container\">\n\t\t\t\t\t<h2 class=\"elementor-heading-title elementor-size-default\">Historiadora, cr\u00edtica d'art i comiss\u00e0ria d'exposicions <em>&amp;<\/em> projectes<\/h2>\t\t\t\t<\/div>\n\t\t\t\t<\/div>\n\t\t\t\t<\/div>\n\t\t<div class=\"elementor-element elementor-element-f836b6c e-con-full e-flex e-con e-child\" data-id=\"f836b6c\" data-element_type=\"container\">\n\t\t\t\t<div class=\"elementor-element elementor-element-48934ed animated-slow elementor-invisible elementor-widget elementor-widget-text-editor\" data-id=\"48934ed\" data-element_type=\"widget\" data-settings=\"{&quot;_animation&quot;:&quot;fadeInUp&quot;}\" data-widget_type=\"text-editor.default\">\n\t\t\t\t<div class=\"elementor-widget-container\">\n\t\t\t\t\t\t\t\t\tMontse Badia ha col\u00b7laborat en diverses publicacions especialitzades com Transversal, arts.zin, Untitled (Londres), Nu: The Nordic Art Review (Estocolm), Tema Celeste (Mil\u00e0), ARCO i Bonart. Ha comissariat exposicions a De Appel Foundation (Amsterdam), Apex Art (Nova York), K\u00fcnstlerhaus Bethanien (Berl\u00edn), Fundaci\u00f3 Joan Mir\u00f3, MACBA (Museu d&#8217;Art Contemporani de Barcelona) i Fundaci\u00f3 \u201cla Caixa\u201d (Barcelona). Comiss\u00e0ria associada a l&#8217;Espai 13 de la Fundaci\u00f3 Mir\u00f3 i al Centre d&#8217;Art Santa M\u00f2nica. Ha estat membre del comit\u00e8 assessor de la Fundaci\u00f3 Yaxs i directora art\u00edstica de la col\u00b7lecci\u00f3 d&#8217;art contemporani Cal Cego. Actualment \u00e9s cofundadora i directora de <a href=\"https:\/\/a-desk.org\/\" target=\"_blank\" rel=\"noopener\">A*Desk. Institut Independent de Cr\u00edtica i Art Contemporani<\/a>. i directora del <a href=\"https:\/\/www.il3.ub.edu\/master-arte-contemporaneo-contexto-mediacion-gestion\" target=\"_blank\" rel=\"noopener\">M\u00e0ster en Art Contemporani: Context, Mediaci\u00f3 i Gesti\u00f3 d&#8217;IL3-UB<\/a>.\t\t\t\t\t\t\t\t<\/div>\n\t\t\t\t<\/div>\n\t\t\t\t<div class=\"elementor-element elementor-element-7d49ef9 animated-slow elementor-invisible elementor-widget elementor-widget-text-editor\" data-id=\"7d49ef9\" data-element_type=\"widget\" data-settings=\"{&quot;_animation&quot;:&quot;fadeInUp&quot;}\" data-widget_type=\"text-editor.default\">\n\t\t\t\t<div class=\"elementor-widget-container\">\n\t\t\t\t\t\t\t\t\tMontse Badia \u00e9s membre d&#8217;AICA (International Assotation of Art Critics), ACCA (Associaci\u00f3 Catalana de Cr\u00edtics d&#8217;Art) i IKT (International Curators Association).\t\t\t\t\t\t\t\t<\/div>\n\t\t\t\t<\/div>\n\t\t\t\t<\/div>\n\t\t\t\t\t<\/div>\n\t\t\t\t<\/div>\n\t\t\t\t<\/div>\n\t\t","protected":false},"excerpt":{"rendered":"<p>Sobre Montse Badia Historiadora, cr\u00edtica d&#8217;art i comiss\u00e0ria d&#8217;exposicions &amp; projectes Montse Badia ha col\u00b7laborat en diverses publicacions especialitzades com Transversal, arts.zin, Untitled (Londres), Nu: The Nordic Art Review (Estocolm), Tema Celeste (Mil\u00e0), ARCO i Bonart. Ha comissariat exposicions a De Appel Foundation (Amsterdam), Apex Art (Nova York), K\u00fcnstlerhaus Bethanien (Berl\u00edn), Fundaci\u00f3 Joan Mir\u00f3, MACBA [&hellip;]<\/p>\n","protected":false},"author":1,"featured_media":0,"parent":0,"menu_order":0,"comment_status":"closed","ping_status":"closed","template":"elementor_header_footer","meta":{"inline_featured_image":false,"footnotes":""},"class_list":["post-1320","page","type-page","status-publish","hentry"],"yoast_head":"<!-- This site is optimized with the Yoast SEO plugin v24.1 - https:\/\/yoast.com\/wordpress\/plugins\/seo\/ -->\n<title>Sobre Montse Badia - Montse Badia<\/title>\n<meta name=\"robots\" content=\"index, follow, max-snippet:-1, max-image-preview:large, max-video-preview:-1\" \/>\n<link rel=\"canonical\" href=\"https:\/\/montsebadia.net\/ca\/sobre-montse-badia\/\" \/>\n<meta property=\"og:locale\" content=\"ca_ES\" \/>\n<meta property=\"og:type\" content=\"article\" \/>\n<meta property=\"og:title\" content=\"Sobre Montse Badia - Montse Badia\" \/>\n<meta property=\"og:description\" content=\"Sobre Montse Badia Historiadora, cr\u00edtica d&#8217;art i comiss\u00e0ria d&#8217;exposicions &amp; projectes Montse Badia ha col\u00b7laborat en diverses publicacions especialitzades com Transversal, arts.zin, Untitled (Londres), Nu: The Nordic Art Review (Estocolm), Tema Celeste (Mil\u00e0), ARCO i Bonart. Ha comissariat exposicions a De Appel Foundation (Amsterdam), Apex Art (Nova York), K\u00fcnstlerhaus Bethanien (Berl\u00edn), Fundaci\u00f3 Joan Mir\u00f3, MACBA [&hellip;]\" \/>\n<meta property=\"og:url\" content=\"https:\/\/montsebadia.net\/ca\/sobre-montse-badia\/\" \/>\n<meta property=\"og:site_name\" content=\"Montse Badia\" \/>\n<meta property=\"article:publisher\" content=\"https:\/\/www.facebook.com\/montse.badia.96\" \/>\n<meta property=\"article:modified_time\" content=\"2024-11-13T07:11:10+00:00\" \/>\n<meta property=\"og:image\" content=\"https:\/\/montsebadia.net\/wp-content\/uploads\/2024\/11\/sobre-montse-badia.webp\" \/>\n\t<meta property=\"og:image:width\" content=\"720\" \/>\n\t<meta property=\"og:image:height\" content=\"680\" \/>\n\t<meta property=\"og:image:type\" content=\"image\/webp\" \/>\n<meta name=\"twitter:card\" content=\"summary_large_image\" \/>\n<meta name=\"twitter:site\" content=\"@montsebadia1\" \/>\n<meta name=\"twitter:label1\" content=\"Temps estimat de lectura\" \/>\n\t<meta name=\"twitter:data1\" content=\"1 minut\" \/>\n<script type=\"application\/ld+json\" class=\"yoast-schema-graph\">{\"@context\":\"https:\/\/schema.org\",\"@graph\":[{\"@type\":\"WebPage\",\"@id\":\"https:\/\/montsebadia.net\/ca\/sobre-montse-badia\/\",\"url\":\"https:\/\/montsebadia.net\/ca\/sobre-montse-badia\/\",\"name\":\"Sobre Montse Badia - Montse Badia\",\"isPartOf\":{\"@id\":\"https:\/\/montsebadia.net\/en\/#website\"},\"primaryImageOfPage\":{\"@id\":\"https:\/\/montsebadia.net\/ca\/sobre-montse-badia\/#primaryimage\"},\"image\":{\"@id\":\"https:\/\/montsebadia.net\/ca\/sobre-montse-badia\/#primaryimage\"},\"thumbnailUrl\":\"https:\/\/montsebadia.net\/wp-content\/uploads\/2024\/11\/sobre-montse-badia.webp\",\"datePublished\":\"2024-10-30T11:27:28+00:00\",\"dateModified\":\"2024-11-13T07:11:10+00:00\",\"breadcrumb\":{\"@id\":\"https:\/\/montsebadia.net\/ca\/sobre-montse-badia\/#breadcrumb\"},\"inLanguage\":\"ca\",\"potentialAction\":[{\"@type\":\"ReadAction\",\"target\":[\"https:\/\/montsebadia.net\/ca\/sobre-montse-badia\/\"]}]},{\"@type\":\"ImageObject\",\"inLanguage\":\"ca\",\"@id\":\"https:\/\/montsebadia.net\/ca\/sobre-montse-badia\/#primaryimage\",\"url\":\"https:\/\/montsebadia.net\/wp-content\/uploads\/2024\/11\/sobre-montse-badia.webp\",\"contentUrl\":\"https:\/\/montsebadia.net\/wp-content\/uploads\/2024\/11\/sobre-montse-badia.webp\"},{\"@type\":\"BreadcrumbList\",\"@id\":\"https:\/\/montsebadia.net\/ca\/sobre-montse-badia\/#breadcrumb\",\"itemListElement\":[{\"@type\":\"ListItem\",\"position\":1,\"name\":\"Portada\",\"item\":\"https:\/\/montsebadia.net\/ca\/\"},{\"@type\":\"ListItem\",\"position\":2,\"name\":\"Sobre Montse Badia\"}]},{\"@type\":\"WebSite\",\"@id\":\"https:\/\/montsebadia.net\/en\/#website\",\"url\":\"https:\/\/montsebadia.net\/en\/\",\"name\":\"Montse Badia\",\"description\":\"Historiadora del arte y comisaria independiente\",\"publisher\":{\"@id\":\"https:\/\/montsebadia.net\/en\/#organization\"},\"potentialAction\":[{\"@type\":\"SearchAction\",\"target\":{\"@type\":\"EntryPoint\",\"urlTemplate\":\"https:\/\/montsebadia.net\/en\/?s={search_term_string}\"},\"query-input\":{\"@type\":\"PropertyValueSpecification\",\"valueRequired\":true,\"valueName\":\"search_term_string\"}}],\"inLanguage\":\"ca\"},{\"@type\":\"Organization\",\"@id\":\"https:\/\/montsebadia.net\/en\/#organization\",\"name\":\"Montse Badia\",\"url\":\"https:\/\/montsebadia.net\/en\/\",\"logo\":{\"@type\":\"ImageObject\",\"inLanguage\":\"ca\",\"@id\":\"https:\/\/montsebadia.net\/en\/#\/schema\/logo\/image\/\",\"url\":\"https:\/\/montsebadia.net\/wp-content\/uploads\/2024\/10\/logo-montse-2.svg\",\"contentUrl\":\"https:\/\/montsebadia.net\/wp-content\/uploads\/2024\/10\/logo-montse-2.svg\",\"width\":213,\"height\":28,\"caption\":\"Montse Badia\"},\"image\":{\"@id\":\"https:\/\/montsebadia.net\/en\/#\/schema\/logo\/image\/\"},\"sameAs\":[\"https:\/\/www.facebook.com\/montse.badia.96\",\"https:\/\/x.com\/montsebadia1\",\"https:\/\/www.instagram.com\/montse_badia_more\/\",\"https:\/\/www.linkedin.com\/in\/montse-badia-b2348a33\/\",\"https:\/\/www.youtube.com\/@MontseBadia\"]}]}<\/script>\n<!-- \/ Yoast SEO plugin. -->","yoast_head_json":{"title":"Sobre Montse Badia - Montse Badia","robots":{"index":"index","follow":"follow","max-snippet":"max-snippet:-1","max-image-preview":"max-image-preview:large","max-video-preview":"max-video-preview:-1"},"canonical":"https:\/\/montsebadia.net\/ca\/sobre-montse-badia\/","og_locale":"ca_ES","og_type":"article","og_title":"Sobre Montse Badia - Montse Badia","og_description":"Sobre Montse Badia Historiadora, cr\u00edtica d&#8217;art i comiss\u00e0ria d&#8217;exposicions &amp; projectes Montse Badia ha col\u00b7laborat en diverses publicacions especialitzades com Transversal, arts.zin, Untitled (Londres), Nu: The Nordic Art Review (Estocolm), Tema Celeste (Mil\u00e0), ARCO i Bonart. Ha comissariat exposicions a De Appel Foundation (Amsterdam), Apex Art (Nova York), K\u00fcnstlerhaus Bethanien (Berl\u00edn), Fundaci\u00f3 Joan Mir\u00f3, MACBA [&hellip;]","og_url":"https:\/\/montsebadia.net\/ca\/sobre-montse-badia\/","og_site_name":"Montse Badia","article_publisher":"https:\/\/www.facebook.com\/montse.badia.96","article_modified_time":"2024-11-13T07:11:10+00:00","og_image":[{"width":720,"height":680,"url":"https:\/\/montsebadia.net\/wp-content\/uploads\/2024\/11\/sobre-montse-badia.webp","type":"image\/webp"}],"twitter_card":"summary_large_image","twitter_site":"@montsebadia1","twitter_misc":{"Temps estimat de lectura":"1 minut"},"schema":{"@context":"https:\/\/schema.org","@graph":[{"@type":"WebPage","@id":"https:\/\/montsebadia.net\/ca\/sobre-montse-badia\/","url":"https:\/\/montsebadia.net\/ca\/sobre-montse-badia\/","name":"Sobre Montse Badia - Montse Badia","isPartOf":{"@id":"https:\/\/montsebadia.net\/en\/#website"},"primaryImageOfPage":{"@id":"https:\/\/montsebadia.net\/ca\/sobre-montse-badia\/#primaryimage"},"image":{"@id":"https:\/\/montsebadia.net\/ca\/sobre-montse-badia\/#primaryimage"},"thumbnailUrl":"https:\/\/montsebadia.net\/wp-content\/uploads\/2024\/11\/sobre-montse-badia.webp","datePublished":"2024-10-30T11:27:28+00:00","dateModified":"2024-11-13T07:11:10+00:00","breadcrumb":{"@id":"https:\/\/montsebadia.net\/ca\/sobre-montse-badia\/#breadcrumb"},"inLanguage":"ca","potentialAction":[{"@type":"ReadAction","target":["https:\/\/montsebadia.net\/ca\/sobre-montse-badia\/"]}]},{"@type":"ImageObject","inLanguage":"ca","@id":"https:\/\/montsebadia.net\/ca\/sobre-montse-badia\/#primaryimage","url":"https:\/\/montsebadia.net\/wp-content\/uploads\/2024\/11\/sobre-montse-badia.webp","contentUrl":"https:\/\/montsebadia.net\/wp-content\/uploads\/2024\/11\/sobre-montse-badia.webp"},{"@type":"BreadcrumbList","@id":"https:\/\/montsebadia.net\/ca\/sobre-montse-badia\/#breadcrumb","itemListElement":[{"@type":"ListItem","position":1,"name":"Portada","item":"https:\/\/montsebadia.net\/ca\/"},{"@type":"ListItem","position":2,"name":"Sobre Montse Badia"}]},{"@type":"WebSite","@id":"https:\/\/montsebadia.net\/en\/#website","url":"https:\/\/montsebadia.net\/en\/","name":"Montse Badia","description":"Historiadora del arte y comisaria independiente","publisher":{"@id":"https:\/\/montsebadia.net\/en\/#organization"},"potentialAction":[{"@type":"SearchAction","target":{"@type":"EntryPoint","urlTemplate":"https:\/\/montsebadia.net\/en\/?s={search_term_string}"},"query-input":{"@type":"PropertyValueSpecification","valueRequired":true,"valueName":"search_term_string"}}],"inLanguage":"ca"},{"@type":"Organization","@id":"https:\/\/montsebadia.net\/en\/#organization","name":"Montse Badia","url":"https:\/\/montsebadia.net\/en\/","logo":{"@type":"ImageObject","inLanguage":"ca","@id":"https:\/\/montsebadia.net\/en\/#\/schema\/logo\/image\/","url":"https:\/\/montsebadia.net\/wp-content\/uploads\/2024\/10\/logo-montse-2.svg","contentUrl":"https:\/\/montsebadia.net\/wp-content\/uploads\/2024\/10\/logo-montse-2.svg","width":213,"height":28,"caption":"Montse Badia"},"image":{"@id":"https:\/\/montsebadia.net\/en\/#\/schema\/logo\/image\/"},"sameAs":["https:\/\/www.facebook.com\/montse.badia.96","https:\/\/x.com\/montsebadia1","https:\/\/www.instagram.com\/montse_badia_more\/","https:\/\/www.linkedin.com\/in\/montse-badia-b2348a33\/","https:\/\/www.youtube.com\/@MontseBadia"]}]}},"_links":{"self":[{"href":"https:\/\/montsebadia.net\/ca\/wp-json\/wp\/v2\/pages\/1320","targetHints":{"allow":["GET"]}}],"collection":[{"href":"https:\/\/montsebadia.net\/ca\/wp-json\/wp\/v2\/pages"}],"about":[{"href":"https:\/\/montsebadia.net\/ca\/wp-json\/wp\/v2\/types\/page"}],"author":[{"embeddable":true,"href":"https:\/\/montsebadia.net\/ca\/wp-json\/wp\/v2\/users\/1"}],"replies":[{"embeddable":true,"href":"https:\/\/montsebadia.net\/ca\/wp-json\/wp\/v2\/comments?post=1320"}],"version-history":[{"count":4,"href":"https:\/\/montsebadia.net\/ca\/wp-json\/wp\/v2\/pages\/1320\/revisions"}],"predecessor-version":[{"id":1374,"href":"https:\/\/montsebadia.net\/ca\/wp-json\/wp\/v2\/pages\/1320\/revisions\/1374"}],"wp:attachment":[{"href":"https:\/\/montsebadia.net\/ca\/wp-json\/wp\/v2\/media?parent=1320"}],"curies":[{"name":"wp","href":"https:\/\/api.w.org\/{rel}","templated":true}]}}