{"id":1318,"date":"2024-10-30T11:27:28","date_gmt":"2024-10-30T11:27:28","guid":{"rendered":"https:\/\/montsebadia.net\/new\/about-montse-badia\/"},"modified":"2024-11-13T07:09:49","modified_gmt":"2024-11-13T07:09:49","slug":"about-montse-badia","status":"publish","type":"page","link":"https:\/\/montsebadia.net\/en\/about-montse-badia\/","title":{"rendered":"About Montse Badia"},"content":{"rendered":"\t\t<div data-elementor-type=\"wp-page\" data-elementor-id=\"1318\" class=\"elementor elementor-1318 elementor-457\" data-elementor-post-type=\"page\">\n\t\t\t\t<div class=\"elementor-element elementor-element-d0fef4c e-flex e-con-boxed e-con e-parent\" data-id=\"d0fef4c\" data-element_type=\"container\">\n\t\t\t\t\t<div class=\"e-con-inner\">\n\t\t<div class=\"elementor-element elementor-element-e7a9d04 e-con-full e-flex e-con e-child\" data-id=\"e7a9d04\" data-element_type=\"container\">\n\t\t\t\t<div class=\"elementor-element elementor-element-9352586 elementor-widget__width-initial animated-slow elementor-invisible elementor-widget elementor-widget-heading\" data-id=\"9352586\" data-element_type=\"widget\" data-settings=\"{&quot;_animation&quot;:&quot;fadeIn&quot;}\" data-widget_type=\"heading.default\">\n\t\t\t\t<div class=\"elementor-widget-container\">\n\t\t\t\t\t<h2 class=\"elementor-heading-title elementor-size-default\"><em>About<\/em> Montse Badia<\/h2>\t\t\t\t<\/div>\n\t\t\t\t<\/div>\n\t\t\t\t<\/div>\n\t\t\t\t<div class=\"elementor-element elementor-element-931d3f8 animated-slow elementor-widget__width-initial elementor-invisible elementor-widget elementor-widget-image\" data-id=\"931d3f8\" data-element_type=\"widget\" data-settings=\"{&quot;_animation&quot;:&quot;fadeIn&quot;}\" data-widget_type=\"image.default\">\n\t\t\t\t<div class=\"elementor-widget-container\">\n\t\t\t\t\t\t\t\t\t\t\t\t\t\t\t<img fetchpriority=\"high\" decoding=\"async\" width=\"720\" height=\"680\" src=\"https:\/\/montsebadia.net\/wp-content\/uploads\/2024\/11\/sobre-montse-badia.webp\" class=\"attachment-large size-large wp-image-611\" alt=\"\" srcset=\"https:\/\/montsebadia.net\/wp-content\/uploads\/2024\/11\/sobre-montse-badia.webp 720w, https:\/\/montsebadia.net\/wp-content\/uploads\/2024\/11\/sobre-montse-badia-300x283.webp 300w\" sizes=\"(max-width: 720px) 100vw, 720px\" \/>\t\t\t\t\t\t\t\t\t\t\t\t\t\t\t<\/div>\n\t\t\t\t<\/div>\n\t\t\t\t\t<\/div>\n\t\t\t\t<\/div>\n\t\t<div class=\"elementor-element elementor-element-9dfb36c e-flex e-con-boxed e-con e-parent\" data-id=\"9dfb36c\" data-element_type=\"container\">\n\t\t\t\t\t<div class=\"e-con-inner\">\n\t\t<div class=\"elementor-element elementor-element-32415fe e-con-full e-flex e-con e-child\" data-id=\"32415fe\" data-element_type=\"container\">\n\t\t\t\t<div class=\"elementor-element elementor-element-6050ec9 animated-slow elementor-widget__width-initial elementor-invisible elementor-widget elementor-widget-heading\" data-id=\"6050ec9\" data-element_type=\"widget\" data-settings=\"{&quot;_animation&quot;:&quot;fadeInUp&quot;}\" data-widget_type=\"heading.default\">\n\t\t\t\t<div class=\"elementor-widget-container\">\n\t\t\t\t\t<h2 class=\"elementor-heading-title elementor-size-default\">Historian, art critic and curator of exhibitions &amp; projects<\/h2>\t\t\t\t<\/div>\n\t\t\t\t<\/div>\n\t\t\t\t<\/div>\n\t\t<div class=\"elementor-element elementor-element-f836b6c e-con-full e-flex e-con e-child\" data-id=\"f836b6c\" data-element_type=\"container\">\n\t\t\t\t<div class=\"elementor-element elementor-element-48934ed animated-slow elementor-invisible elementor-widget elementor-widget-text-editor\" data-id=\"48934ed\" data-element_type=\"widget\" data-settings=\"{&quot;_animation&quot;:&quot;fadeInUp&quot;}\" data-widget_type=\"text-editor.default\">\n\t\t\t\t<div class=\"elementor-widget-container\">\n\t\t\t\t\t\t\t\t\tMontse Badia has collaborated in various specialized publications such as Transversal, arts.zin, Untitled (London), Nu: The Nordic Art Review (Stockholm), Tema Celeste (Milan), ARCO and Bonart. He has curated exhibitions at De Appel Foundation (Amsterdam), Apex Art (New York), K\u00fcnstlerhaus Bethanien (Berlin), Fundaci\u00f3n Joan Mir\u00f3, MACBA (Museum of Contemporary Art of Barcelona) and Fundaci\u00f3n \u201cla Caixa\u201d (Barcelona). Associate curator at Espai 13 of the Mir\u00f3 Foundation and at the Santa M\u00f3nica Art Center. She has been a member of the advisory committee of the Yaxs Foundation and artistic director of the Cal Cego contemporary art collection. She is currently co-founder and director of <a href=\"https:\/\/a-desk.org\/\" target=\"_blank\" rel=\"noopener\">A*Desk. Independent Institute of Criticism and Contemporary Art<\/a>. and director of the <a href=\"https:\/\/www.il3.ub.edu\/master-arte-contemporaneo-contexto-mediacion-gestion\" target=\"_blank\" rel=\"noopener\">Master in Contemporary Art: Context, Mediation and Management of IL3- UB<\/a>.\t\t\t\t\t\t\t\t<\/div>\n\t\t\t\t<\/div>\n\t\t\t\t<div class=\"elementor-element elementor-element-7d49ef9 animated-slow elementor-invisible elementor-widget elementor-widget-text-editor\" data-id=\"7d49ef9\" data-element_type=\"widget\" data-settings=\"{&quot;_animation&quot;:&quot;fadeInUp&quot;}\" data-widget_type=\"text-editor.default\">\n\t\t\t\t<div class=\"elementor-widget-container\">\n\t\t\t\t\t\t\t\t\tMontse Badia is a member of AICA (International Association of Art Critics), ACCA (Associaci\u00f3 Catalana de Cr\u00edtics d\u2019Art) and IKT (International Curators Association).\t\t\t\t\t\t\t\t<\/div>\n\t\t\t\t<\/div>\n\t\t\t\t<\/div>\n\t\t\t\t\t<\/div>\n\t\t\t\t<\/div>\n\t\t\t\t<\/div>\n\t\t","protected":false},"excerpt":{"rendered":"<p>About Montse Badia Historian, art critic and curator of exhibitions &amp; projects Montse Badia has collaborated in various specialized publications such as Transversal, arts.zin, Untitled (London), Nu: The Nordic Art Review (Stockholm), Tema Celeste (Milan), ARCO and Bonart. He has curated exhibitions at De Appel Foundation (Amsterdam), Apex Art (New York), K\u00fcnstlerhaus Bethanien (Berlin), Fundaci\u00f3n [&hellip;]<\/p>\n","protected":false},"author":1,"featured_media":0,"parent":0,"menu_order":0,"comment_status":"closed","ping_status":"closed","template":"elementor_header_footer","meta":{"inline_featured_image":false,"footnotes":""},"class_list":["post-1318","page","type-page","status-publish","hentry"],"yoast_head":"<!-- This site is optimized with the Yoast SEO plugin v24.1 - https:\/\/yoast.com\/wordpress\/plugins\/seo\/ -->\n<title>About Montse Badia - Montse Badia<\/title>\n<meta name=\"robots\" content=\"index, follow, max-snippet:-1, max-image-preview:large, max-video-preview:-1\" \/>\n<link rel=\"canonical\" href=\"https:\/\/montsebadia.net\/en\/about-montse-badia\/\" \/>\n<meta property=\"og:locale\" content=\"en_US\" \/>\n<meta property=\"og:type\" content=\"article\" \/>\n<meta property=\"og:title\" content=\"About Montse Badia - Montse Badia\" \/>\n<meta property=\"og:description\" content=\"About Montse Badia Historian, art critic and curator of exhibitions &amp; projects Montse Badia has collaborated in various specialized publications such as Transversal, arts.zin, Untitled (London), Nu: The Nordic Art Review (Stockholm), Tema Celeste (Milan), ARCO and Bonart. He has curated exhibitions at De Appel Foundation (Amsterdam), Apex Art (New York), K\u00fcnstlerhaus Bethanien (Berlin), Fundaci\u00f3n [&hellip;]\" \/>\n<meta property=\"og:url\" content=\"https:\/\/montsebadia.net\/en\/about-montse-badia\/\" \/>\n<meta property=\"og:site_name\" content=\"Montse Badia\" \/>\n<meta property=\"article:publisher\" content=\"https:\/\/www.facebook.com\/montse.badia.96\" \/>\n<meta property=\"article:modified_time\" content=\"2024-11-13T07:09:49+00:00\" \/>\n<meta property=\"og:image\" content=\"https:\/\/montsebadia.net\/wp-content\/uploads\/2024\/11\/sobre-montse-badia.webp\" \/>\n\t<meta property=\"og:image:width\" content=\"720\" \/>\n\t<meta property=\"og:image:height\" content=\"680\" \/>\n\t<meta property=\"og:image:type\" content=\"image\/webp\" \/>\n<meta name=\"twitter:card\" content=\"summary_large_image\" \/>\n<meta name=\"twitter:site\" content=\"@montsebadia1\" \/>\n<meta name=\"twitter:label1\" content=\"Est. reading time\" \/>\n\t<meta name=\"twitter:data1\" content=\"1 minute\" \/>\n<script type=\"application\/ld+json\" class=\"yoast-schema-graph\">{\"@context\":\"https:\/\/schema.org\",\"@graph\":[{\"@type\":\"WebPage\",\"@id\":\"https:\/\/montsebadia.net\/en\/about-montse-badia\/\",\"url\":\"https:\/\/montsebadia.net\/en\/about-montse-badia\/\",\"name\":\"About Montse Badia - Montse Badia\",\"isPartOf\":{\"@id\":\"https:\/\/montsebadia.net\/en\/#website\"},\"primaryImageOfPage\":{\"@id\":\"https:\/\/montsebadia.net\/en\/about-montse-badia\/#primaryimage\"},\"image\":{\"@id\":\"https:\/\/montsebadia.net\/en\/about-montse-badia\/#primaryimage\"},\"thumbnailUrl\":\"https:\/\/montsebadia.net\/wp-content\/uploads\/2024\/11\/sobre-montse-badia.webp\",\"datePublished\":\"2024-10-30T11:27:28+00:00\",\"dateModified\":\"2024-11-13T07:09:49+00:00\",\"breadcrumb\":{\"@id\":\"https:\/\/montsebadia.net\/en\/about-montse-badia\/#breadcrumb\"},\"inLanguage\":\"en-US\",\"potentialAction\":[{\"@type\":\"ReadAction\",\"target\":[\"https:\/\/montsebadia.net\/en\/about-montse-badia\/\"]}]},{\"@type\":\"ImageObject\",\"inLanguage\":\"en-US\",\"@id\":\"https:\/\/montsebadia.net\/en\/about-montse-badia\/#primaryimage\",\"url\":\"https:\/\/montsebadia.net\/wp-content\/uploads\/2024\/11\/sobre-montse-badia.webp\",\"contentUrl\":\"https:\/\/montsebadia.net\/wp-content\/uploads\/2024\/11\/sobre-montse-badia.webp\"},{\"@type\":\"BreadcrumbList\",\"@id\":\"https:\/\/montsebadia.net\/en\/about-montse-badia\/#breadcrumb\",\"itemListElement\":[{\"@type\":\"ListItem\",\"position\":1,\"name\":\"Portada\",\"item\":\"https:\/\/montsebadia.net\/en\/\"},{\"@type\":\"ListItem\",\"position\":2,\"name\":\"About Montse Badia\"}]},{\"@type\":\"WebSite\",\"@id\":\"https:\/\/montsebadia.net\/en\/#website\",\"url\":\"https:\/\/montsebadia.net\/en\/\",\"name\":\"Montse Badia\",\"description\":\"Historiadora del arte y comisaria independiente\",\"publisher\":{\"@id\":\"https:\/\/montsebadia.net\/en\/#organization\"},\"potentialAction\":[{\"@type\":\"SearchAction\",\"target\":{\"@type\":\"EntryPoint\",\"urlTemplate\":\"https:\/\/montsebadia.net\/en\/?s={search_term_string}\"},\"query-input\":{\"@type\":\"PropertyValueSpecification\",\"valueRequired\":true,\"valueName\":\"search_term_string\"}}],\"inLanguage\":\"en-US\"},{\"@type\":\"Organization\",\"@id\":\"https:\/\/montsebadia.net\/en\/#organization\",\"name\":\"Montse Badia\",\"url\":\"https:\/\/montsebadia.net\/en\/\",\"logo\":{\"@type\":\"ImageObject\",\"inLanguage\":\"en-US\",\"@id\":\"https:\/\/montsebadia.net\/en\/#\/schema\/logo\/image\/\",\"url\":\"https:\/\/montsebadia.net\/wp-content\/uploads\/2024\/10\/logo-montse-2.svg\",\"contentUrl\":\"https:\/\/montsebadia.net\/wp-content\/uploads\/2024\/10\/logo-montse-2.svg\",\"width\":213,\"height\":28,\"caption\":\"Montse Badia\"},\"image\":{\"@id\":\"https:\/\/montsebadia.net\/en\/#\/schema\/logo\/image\/\"},\"sameAs\":[\"https:\/\/www.facebook.com\/montse.badia.96\",\"https:\/\/x.com\/montsebadia1\",\"https:\/\/www.instagram.com\/montse_badia_more\/\",\"https:\/\/www.linkedin.com\/in\/montse-badia-b2348a33\/\",\"https:\/\/www.youtube.com\/@MontseBadia\"]}]}<\/script>\n<!-- \/ Yoast SEO plugin. -->","yoast_head_json":{"title":"About Montse Badia - Montse Badia","robots":{"index":"index","follow":"follow","max-snippet":"max-snippet:-1","max-image-preview":"max-image-preview:large","max-video-preview":"max-video-preview:-1"},"canonical":"https:\/\/montsebadia.net\/en\/about-montse-badia\/","og_locale":"en_US","og_type":"article","og_title":"About Montse Badia - Montse Badia","og_description":"About Montse Badia Historian, art critic and curator of exhibitions &amp; projects Montse Badia has collaborated in various specialized publications such as Transversal, arts.zin, Untitled (London), Nu: The Nordic Art Review (Stockholm), Tema Celeste (Milan), ARCO and Bonart. He has curated exhibitions at De Appel Foundation (Amsterdam), Apex Art (New York), K\u00fcnstlerhaus Bethanien (Berlin), Fundaci\u00f3n [&hellip;]","og_url":"https:\/\/montsebadia.net\/en\/about-montse-badia\/","og_site_name":"Montse Badia","article_publisher":"https:\/\/www.facebook.com\/montse.badia.96","article_modified_time":"2024-11-13T07:09:49+00:00","og_image":[{"width":720,"height":680,"url":"https:\/\/montsebadia.net\/wp-content\/uploads\/2024\/11\/sobre-montse-badia.webp","type":"image\/webp"}],"twitter_card":"summary_large_image","twitter_site":"@montsebadia1","twitter_misc":{"Est. reading time":"1 minute"},"schema":{"@context":"https:\/\/schema.org","@graph":[{"@type":"WebPage","@id":"https:\/\/montsebadia.net\/en\/about-montse-badia\/","url":"https:\/\/montsebadia.net\/en\/about-montse-badia\/","name":"About Montse Badia - Montse Badia","isPartOf":{"@id":"https:\/\/montsebadia.net\/en\/#website"},"primaryImageOfPage":{"@id":"https:\/\/montsebadia.net\/en\/about-montse-badia\/#primaryimage"},"image":{"@id":"https:\/\/montsebadia.net\/en\/about-montse-badia\/#primaryimage"},"thumbnailUrl":"https:\/\/montsebadia.net\/wp-content\/uploads\/2024\/11\/sobre-montse-badia.webp","datePublished":"2024-10-30T11:27:28+00:00","dateModified":"2024-11-13T07:09:49+00:00","breadcrumb":{"@id":"https:\/\/montsebadia.net\/en\/about-montse-badia\/#breadcrumb"},"inLanguage":"en-US","potentialAction":[{"@type":"ReadAction","target":["https:\/\/montsebadia.net\/en\/about-montse-badia\/"]}]},{"@type":"ImageObject","inLanguage":"en-US","@id":"https:\/\/montsebadia.net\/en\/about-montse-badia\/#primaryimage","url":"https:\/\/montsebadia.net\/wp-content\/uploads\/2024\/11\/sobre-montse-badia.webp","contentUrl":"https:\/\/montsebadia.net\/wp-content\/uploads\/2024\/11\/sobre-montse-badia.webp"},{"@type":"BreadcrumbList","@id":"https:\/\/montsebadia.net\/en\/about-montse-badia\/#breadcrumb","itemListElement":[{"@type":"ListItem","position":1,"name":"Portada","item":"https:\/\/montsebadia.net\/en\/"},{"@type":"ListItem","position":2,"name":"About Montse Badia"}]},{"@type":"WebSite","@id":"https:\/\/montsebadia.net\/en\/#website","url":"https:\/\/montsebadia.net\/en\/","name":"Montse Badia","description":"Historiadora del arte y comisaria independiente","publisher":{"@id":"https:\/\/montsebadia.net\/en\/#organization"},"potentialAction":[{"@type":"SearchAction","target":{"@type":"EntryPoint","urlTemplate":"https:\/\/montsebadia.net\/en\/?s={search_term_string}"},"query-input":{"@type":"PropertyValueSpecification","valueRequired":true,"valueName":"search_term_string"}}],"inLanguage":"en-US"},{"@type":"Organization","@id":"https:\/\/montsebadia.net\/en\/#organization","name":"Montse Badia","url":"https:\/\/montsebadia.net\/en\/","logo":{"@type":"ImageObject","inLanguage":"en-US","@id":"https:\/\/montsebadia.net\/en\/#\/schema\/logo\/image\/","url":"https:\/\/montsebadia.net\/wp-content\/uploads\/2024\/10\/logo-montse-2.svg","contentUrl":"https:\/\/montsebadia.net\/wp-content\/uploads\/2024\/10\/logo-montse-2.svg","width":213,"height":28,"caption":"Montse Badia"},"image":{"@id":"https:\/\/montsebadia.net\/en\/#\/schema\/logo\/image\/"},"sameAs":["https:\/\/www.facebook.com\/montse.badia.96","https:\/\/x.com\/montsebadia1","https:\/\/www.instagram.com\/montse_badia_more\/","https:\/\/www.linkedin.com\/in\/montse-badia-b2348a33\/","https:\/\/www.youtube.com\/@MontseBadia"]}]}},"_links":{"self":[{"href":"https:\/\/montsebadia.net\/en\/wp-json\/wp\/v2\/pages\/1318","targetHints":{"allow":["GET"]}}],"collection":[{"href":"https:\/\/montsebadia.net\/en\/wp-json\/wp\/v2\/pages"}],"about":[{"href":"https:\/\/montsebadia.net\/en\/wp-json\/wp\/v2\/types\/page"}],"author":[{"embeddable":true,"href":"https:\/\/montsebadia.net\/en\/wp-json\/wp\/v2\/users\/1"}],"replies":[{"embeddable":true,"href":"https:\/\/montsebadia.net\/en\/wp-json\/wp\/v2\/comments?post=1318"}],"version-history":[{"count":4,"href":"https:\/\/montsebadia.net\/en\/wp-json\/wp\/v2\/pages\/1318\/revisions"}],"predecessor-version":[{"id":1371,"href":"https:\/\/montsebadia.net\/en\/wp-json\/wp\/v2\/pages\/1318\/revisions\/1371"}],"wp:attachment":[{"href":"https:\/\/montsebadia.net\/en\/wp-json\/wp\/v2\/media?parent=1318"}],"curies":[{"name":"wp","href":"https:\/\/api.w.org\/{rel}","templated":true}]}}